{"id":11,"date":"2020-01-26T12:37:23","date_gmt":"2020-01-26T11:37:23","guid":{"rendered":"https:\/\/hebamme-kulina.de\/?page_id=11"},"modified":"2020-02-07T17:13:23","modified_gmt":"2020-02-07T16:13:23","slug":"ueber-mich","status":"publish","type":"page","link":"https:\/\/hebamme-kulina.de\/index.php\/ueber-mich\/","title":{"rendered":"\u00dcber mich"},"content":{"rendered":"\t\t<div data-elementor-type=\"wp-page\" data-elementor-id=\"11\" class=\"elementor elementor-11\" data-elementor-settings=\"[]\">\n\t\t\t<div class=\"elementor-inner\">\n\t\t\t\t<div class=\"elementor-section-wrap\">\n\t\t\t\t\t\t\t<section class=\"elementor-element elementor-element-2e4e885 elementor-section-boxed elementor-section-height-default elementor-section-height-default elementor-section elementor-top-section\" data-id=\"2e4e885\" data-element_type=\"section\">\n\t\t\t\t\t\t<div class=\"elementor-container elementor-column-gap-default\">\n\t\t\t\t<div class=\"elementor-row\">\n\t\t\t\t<div class=\"elementor-element elementor-element-59b67e8 elementor-column elementor-col-100 elementor-top-column\" data-id=\"59b67e8\" data-element_type=\"column\">\n\t\t\t<div class=\"elementor-column-wrap\">\n\t\t\t\t\t<div class=\"elementor-widget-wrap\">\n\t\t\t\t\t\t<\/div>\n\t\t\t<\/div>\n\t\t<\/div>\n\t\t\t\t\t\t<\/div>\n\t\t\t<\/div>\n\t\t<\/section>\n\t\t\t\t<section class=\"elementor-element elementor-element-854ec8b elementor-section-boxed elementor-section-height-default elementor-section-height-default elementor-section elementor-top-section\" data-id=\"854ec8b\" data-element_type=\"section\">\n\t\t\t\t\t\t<div class=\"elementor-container elementor-column-gap-default\">\n\t\t\t\t<div class=\"elementor-row\">\n\t\t\t\t<div class=\"elementor-element elementor-element-34ed137 elementor-column elementor-col-100 elementor-top-column\" data-id=\"34ed137\" data-element_type=\"column\">\n\t\t\t<div class=\"elementor-column-wrap  elementor-element-populated\">\n\t\t\t\t\t<div class=\"elementor-widget-wrap\">\n\t\t\t\t<section class=\"elementor-element elementor-element-4dc8866 elementor-section-boxed elementor-section-height-default elementor-section-height-default elementor-section elementor-inner-section\" data-id=\"4dc8866\" data-element_type=\"section\">\n\t\t\t\t\t\t<div class=\"elementor-container elementor-column-gap-default\">\n\t\t\t\t<div class=\"elementor-row\">\n\t\t\t\t<div class=\"elementor-element elementor-element-de14575 elementor-column elementor-col-50 elementor-inner-column\" data-id=\"de14575\" data-element_type=\"column\">\n\t\t\t<div class=\"elementor-column-wrap  elementor-element-populated\">\n\t\t\t\t\t<div class=\"elementor-widget-wrap\">\n\t\t\t\t<div class=\"elementor-element elementor-element-62d79ee elementor-widget elementor-widget-image\" data-id=\"62d79ee\" data-element_type=\"widget\" data-widget_type=\"image.default\">\n\t\t\t\t<div class=\"elementor-widget-container\">\n\t\t\t\t\t<div class=\"elementor-image\">\n\t\t\t\t\t\t\t\t\t\t<img width=\"200\" height=\"300\" src=\"https:\/\/hebamme-kulina.de\/wp-content\/uploads\/2020\/01\/DSC_1100-200x300.jpg\" class=\"attachment-medium size-medium\" alt=\"\" loading=\"lazy\" srcset=\"https:\/\/hebamme-kulina.de\/wp-content\/uploads\/2020\/01\/DSC_1100-200x300.jpg 200w, https:\/\/hebamme-kulina.de\/wp-content\/uploads\/2020\/01\/DSC_1100-683x1024.jpg 683w, https:\/\/hebamme-kulina.de\/wp-content\/uploads\/2020\/01\/DSC_1100-768x1151.jpg 768w, https:\/\/hebamme-kulina.de\/wp-content\/uploads\/2020\/01\/DSC_1100-1025x1536.jpg 1025w, https:\/\/hebamme-kulina.de\/wp-content\/uploads\/2020\/01\/DSC_1100-1367x2048.jpg 1367w, https:\/\/hebamme-kulina.de\/wp-content\/uploads\/2020\/01\/DSC_1100-scaled.jpg 1709w\" sizes=\"(max-width: 200px) 100vw, 200px\" \/>\t\t\t\t\t\t\t\t\t\t\t<\/div>\n\t\t\t\t<\/div>\n\t\t\t\t<\/div>\n\t\t\t\t\t\t<\/div>\n\t\t\t<\/div>\n\t\t<\/div>\n\t\t\t\t<div class=\"elementor-element elementor-element-a01e155 elementor-column elementor-col-50 elementor-inner-column\" data-id=\"a01e155\" data-element_type=\"column\">\n\t\t\t<div class=\"elementor-column-wrap  elementor-element-populated\">\n\t\t\t\t\t<div class=\"elementor-widget-wrap\">\n\t\t\t\t<div class=\"elementor-element elementor-element-5526286 elementor-widget elementor-widget-text-editor\" data-id=\"5526286\" data-element_type=\"widget\" data-widget_type=\"text-editor.default\">\n\t\t\t\t<div class=\"elementor-widget-container\">\n\t\t\t\t\t<div class=\"elementor-text-editor elementor-clearfix\"><p>Ich hei\u00dfe Franziska Kulina und bin 1987 in Gardelegen geboren. Fr\u00fchzeitig wusste ich, dass es nur einen Beruf f\u00fcr mich gibt &#8211; Hebamme.<\/p><p>2010 bestand ich mein Examen an der Unifrauenklinik Magdeburg. Anschlie\u00dfend war ich als freiberufliche Hebamme in Wittingen und sp\u00e4ter in Zweibr\u00fccken t\u00e4tig und machte Vor- und Nachsorgen sowie Beleggeburten.<\/p><p>2013 kam mein erster Sohn zur Welt. Nach einer einj\u00e4hrigen Elternzeit arbeitete ich 2 Jahre im Krei\u00dfsaal im Westpfalzklinikum in Kaiserslautern. 2016 kam ich wieder zur\u00fcck nach Mitteldeutschland und arbeitete im Krei\u00dfsaal in Wolfenb\u00fcttel.<\/p><p>Nachdem 2019 mein zweiter Sohn geboren wurde, bin ich ab September 2020 wieder freiberuflich in Vor- und Nachsorge t\u00e4tig.<\/p><\/div>\n\t\t\t\t<\/div>\n\t\t\t\t<\/div>\n\t\t\t\t\t\t<\/div>\n\t\t\t<\/div>\n\t\t<\/div>\n\t\t\t\t\t\t<\/div>\n\t\t\t<\/div>\n\t\t<\/section>\n\t\t\t\t\t\t<\/div>\n\t\t\t<\/div>\n\t\t<\/div>\n\t\t\t\t\t\t<\/div>\n\t\t\t<\/div>\n\t\t<\/section>\n\t\t\t\t\t\t<\/div>\n\t\t\t<\/div>\n\t\t<\/div>\n\t\t","protected":false},"excerpt":{"rendered":"<p>Ich hei\u00dfe Franziska Kulina und bin 1987 in Gardelegen geboren. Fr\u00fchzeitig wusste ich, dass es nur einen Beruf f\u00fcr mich gibt &#8211; Hebamme. 2010 bestand ich mein Examen an der Unifrauenklinik Magdeburg. Anschlie\u00dfend war ich als freiberufliche Hebamme in Wittingen und sp\u00e4ter in Zweibr\u00fccken t\u00e4tig und machte Vor- und Nachsorgen sowie Beleggeburten. 2013 kam mein [&hellip;]<\/p>\n","protected":false},"author":1,"featured_media":0,"parent":0,"menu_order":0,"comment_status":"closed","ping_status":"closed","template":"","meta":[],"_links":{"self":[{"href":"https:\/\/hebamme-kulina.de\/index.php\/wp-json\/wp\/v2\/pages\/11"}],"collection":[{"href":"https:\/\/hebamme-kulina.de\/index.php\/wp-json\/wp\/v2\/pages"}],"about":[{"href":"https:\/\/hebamme-kulina.de\/index.php\/wp-json\/wp\/v2\/types\/page"}],"author":[{"embeddable":true,"href":"https:\/\/hebamme-kulina.de\/index.php\/wp-json\/wp\/v2\/users\/1"}],"replies":[{"embeddable":true,"href":"https:\/\/hebamme-kulina.de\/index.php\/wp-json\/wp\/v2\/comments?post=11"}],"version-history":[{"count":11,"href":"https:\/\/hebamme-kulina.de\/index.php\/wp-json\/wp\/v2\/pages\/11\/revisions"}],"predecessor-version":[{"id":263,"href":"https:\/\/hebamme-kulina.de\/index.php\/wp-json\/wp\/v2\/pages\/11\/revisions\/263"}],"wp:attachment":[{"href":"https:\/\/hebamme-kulina.de\/index.php\/wp-json\/wp\/v2\/media?parent=11"}],"curies":[{"name":"wp","href":"https:\/\/api.w.org\/{rel}","templated":true}]}}